{"id":426,"date":"2025-09-30T14:18:00","date_gmt":"2025-09-30T12:18:00","guid":{"rendered":"https:\/\/www.messring.cn\/?page_id=426"},"modified":"2026-03-13T10:24:03","modified_gmt":"2026-03-13T09:24:03","slug":"impressum","status":"publish","type":"page","link":"https:\/\/www.messring.cn\/de\/impressum\/","title":{"rendered":"Impressum"},"content":{"rendered":"<div class=\"wpb-content-wrapper\">[vc_row ppi_row_padding=&#8220;ppi_remove_padding_top&#8220;][vc_column][vc_column_text]\r\n<div class=\"block-wrapper headline-block\">\r\n\r\n<strong>IMPRESSUM<\/strong>\r\n\r\n<strong>MESSRING GmbH<\/strong>\r\nFriedrichshafener Stra\u00dfe 601\r\n82205 Gilching\r\n\r\nKontakt:\r\nTel: +49 (0) 8153 407 96-0\r\nwww.messring.de\r\n\r\n<strong>Verantwortlich f\u00fcr redaktionelle Inhalte:<\/strong>\r\nFlorian Lenz\r\n\r\n<strong>Zertifizierung:<\/strong>\r\nISO 9001 \/ T\u00dcV S\u00dcD AG\r\n\r\n<strong>Handelsregister:<\/strong>\r\nRegistergericht M\u00fcnchen HRB Nr. 82331\r\n\r\n<strong>Umsatzsteueridentifikationsnummer:<\/strong>\r\nDE 129414225\r\n\r\n<strong>Gesch\u00e4ftsf\u00fchrer:<\/strong>\r\nFlorian Lenz\r\nChristian zu Salm-Horstmar\r\n\r\n<strong>Datenschutzbeauftragter:<\/strong>\r\nWolfgang Steger\r\nAm Neuen Weg 21\r\n82041 Oberhaching\r\nEmail: steger@ra-steger.info\r\n\r\n\u00a9 2026 MESSRING GmbH\r\n\r\n<strong>Haftung f\u00fcr Inhalte<\/strong>\r\nAls Diensteanbieter sind wir gem\u00e4\u00df \u00a7 7 Abs.1 TMG f\u00fcr eigene Inhalte auf diesen Seiten nach den allgemeinen Gesetzen verantwortlich. Nach \u00a7\u00a7 8 bis 10 TMG sind wir als Diensteanbieter jedoch nicht verpflichtet, \u00fcbermittelte oder gespeicherte fremde Informationen zu \u00fcberwachen oder nach Umst\u00e4nden zu forschen, die auf eine rechtswidrige T\u00e4tigkeit hinweisen.\r\nVerpflichtungen zur Entfernung oder Sperrung der Nutzung von Informationen nach den allgemeinen Gesetzen bleiben hiervon unber\u00fchrt. Eine diesbez\u00fcgliche Haftung ist jedoch erst ab dem Zeitpunkt der Kenntnis einer konkreten Rechtsverletzung m\u00f6glich. Bei Bekanntwerden von entsprechenden Rechtsverletzungen werden wir diese Inhalte umgehend entfernen.\r\n\r\n<strong>Haftung f\u00fcr Links<\/strong>\r\nUnser Angebot enth\u00e4lt Links zu externen Websites Dritter, auf deren Inhalte wir keinen Einfluss haben. Deshalb k\u00f6nnen wir f\u00fcr diese fremden Inhalte auch keine Gew\u00e4hr \u00fcbernehmen. F\u00fcr die Inhalte der verlinkten Seiten ist stets der jeweilige Anbieter oder Betreiber der Seiten verantwortlich. Die verlinkten Seiten wurden zum Zeitpunkt der Verlinkung auf m\u00f6gliche Rechtsverst\u00f6\u00dfe \u00fcberpr\u00fcft. Rechtswidrige Inhalte waren zum Zeitpunkt der Verlinkung nicht erkennbar.\r\nEine permanente inhaltliche Kontrolle der verlinkten Seiten ist jedoch ohne konkrete Anhaltspunkte einer Rechtsverletzung nicht zumutbar. Bei Bekanntwerden von Rechtsverletzungen werden wir derartige Links umgehend entfernen.\r\n\r\n<strong>Urheberrecht<\/strong>\r\nDie durch die Seitenbetreiber erstellten Inhalte und Werke auf diesen Seiten unterliegen dem deutschen Urheberrecht. Die Vervielf\u00e4ltigung, Bearbeitung, Verbreitung und jede Art der Verwertung au\u00dferhalb der Grenzen des Urheberrechtes bed\u00fcrfen der schriftlichen Zustimmung des jeweiligen Autors bzw. Erstellers. Downloads und Kopien dieser Seite sind nur f\u00fcr den privaten, nicht kommerziellen Gebrauch gestattet.\r\nSoweit die Inhalte auf dieser Seite nicht vom Betreiber erstellt wurden, werden die Urheberrechte Dritter beachtet. Insbesondere werden Inhalte Dritter als solche gekennzeichnet. Sollten Sie trotzdem auf eine Urheberrechtsverletzung aufmerksam werden, bitten wir um einen entsprechenden Hinweis. Bei Bekanntwerden von Rechtsverletzungen werden wir derartige Inhalte umgehend entfernen.\r\n\r\n<\/div>\r\n[\/vc_column_text][\/vc_column][\/vc_row]<\/div>","protected":false},"excerpt":{"rendered":"[vc_row ppi_row_padding=&#8220;ppi_remove_padding_top&#8220;][vc_column][vc_column_text] IMPRESSUM MESSRING GmbH Friedrichshafener Stra\u00dfe 601 82205 Gilching Kontakt: Tel: +49 (0) 8153 407 96-0 www.messring.de Verantwortlich f\u00fcr redaktionelle Inhalte: Florian Lenz Zertifizierung: ISO 9001 \/ T\u00dcV S\u00dcD AG Handelsregister: Registergericht M\u00fcnchen HRB Nr. 82331 Umsatzsteueridentifikationsnummer: DE 129414225 Gesch\u00e4ftsf\u00fchrer: Florian Lenz Christian zu Salm-Horstmar Datenschutzbeauftragter: Wolfgang Steger Am Neuen Weg 21 82041 Oberhaching [&hellip;]","protected":false},"author":2,"featured_media":429,"parent":0,"menu_order":0,"comment_status":"closed","ping_status":"open","template":"","meta":{"_acf_changed":false,"inline_featured_image":false,"footnotes":""},"class_list":["post-426","page","type-page","status-publish","has-post-thumbnail","hentry"],"acf":[],"yoast_head":"<!-- This site is optimized with the Yoast SEO plugin v27.2 - https:\/\/yoast.com\/product\/yoast-seo-wordpress\/ -->\n<title>Impressum - Messring<\/title>\n<meta name=\"description\" content=\"Impressum der MESSRING GmbH: Alle gesetzlichen Angaben, Kontaktdaten und rechtlichen Hinweise finden Sie hier auf einen Blick.\" \/>\n<meta name=\"robots\" content=\"index, follow, max-snippet:-1, max-image-preview:large, max-video-preview:-1\" \/>\n<link rel=\"canonical\" href=\"https:\/\/www.messring.cn\/de\/impressum\/\" \/>\n<meta property=\"og:locale\" content=\"de_DE\" \/>\n<meta property=\"og:type\" content=\"article\" \/>\n<meta property=\"og:title\" content=\"Impressum - Messring\" \/>\n<meta property=\"og:description\" content=\"Impressum der MESSRING GmbH: Alle gesetzlichen Angaben, Kontaktdaten und rechtlichen Hinweise finden Sie hier auf einen Blick.\" \/>\n<meta property=\"og:url\" content=\"https:\/\/www.messring.cn\/de\/impressum\/\" \/>\n<meta property=\"og:site_name\" content=\"Messring\" \/>\n<meta property=\"article:publisher\" content=\"https:\/\/www.facebook.com\/messring.de\" \/>\n<meta property=\"article:modified_time\" content=\"2026-03-13T09:24:03+00:00\" \/>\n<meta property=\"og:image\" content=\"https:\/\/www.messring.cn\/wp-content\/uploads\/2025\/09\/Neubau_Gilching1.webp\" \/>\n\t<meta property=\"og:image:width\" content=\"1600\" \/>\n\t<meta property=\"og:image:height\" content=\"900\" \/>\n\t<meta property=\"og:image:type\" content=\"image\/webp\" \/>\n<meta name=\"twitter:card\" content=\"summary_large_image\" \/>\n<meta name=\"twitter:label1\" content=\"Gesch\u00e4tzte Lesezeit\" \/>\n\t<meta name=\"twitter:data1\" content=\"3\u00a0Minuten\" \/>\n<script type=\"application\/ld+json\" class=\"yoast-schema-graph\">{\"@context\":\"https:\/\/schema.org\",\"@graph\":[{\"@type\":\"WebPage\",\"@id\":\"https:\/\/www.messring.cn\/de\/impressum\/\",\"url\":\"https:\/\/www.messring.cn\/de\/impressum\/\",\"name\":\"Impressum - Messring\",\"isPartOf\":{\"@id\":\"https:\/\/www.messring.cn\/de\/#website\"},\"primaryImageOfPage\":{\"@id\":\"https:\/\/www.messring.cn\/de\/impressum\/#primaryimage\"},\"image\":{\"@id\":\"https:\/\/www.messring.cn\/de\/impressum\/#primaryimage\"},\"thumbnailUrl\":\"https:\/\/www.messring.cn\/wp-content\/uploads\/2025\/09\/Neubau_Gilching1.webp\",\"datePublished\":\"2025-09-30T12:18:00+00:00\",\"dateModified\":\"2026-03-13T09:24:03+00:00\",\"description\":\"Impressum der MESSRING GmbH: Alle gesetzlichen Angaben, Kontaktdaten und rechtlichen Hinweise finden Sie hier auf einen Blick.\",\"breadcrumb\":{\"@id\":\"https:\/\/www.messring.cn\/de\/impressum\/#breadcrumb\"},\"inLanguage\":\"de\",\"potentialAction\":[{\"@type\":\"ReadAction\",\"target\":[\"https:\/\/www.messring.cn\/de\/impressum\/\"]}]},{\"@type\":\"ImageObject\",\"inLanguage\":\"de\",\"@id\":\"https:\/\/www.messring.cn\/de\/impressum\/#primaryimage\",\"url\":\"https:\/\/www.messring.cn\/wp-content\/uploads\/2025\/09\/Neubau_Gilching1.webp\",\"contentUrl\":\"https:\/\/www.messring.cn\/wp-content\/uploads\/2025\/09\/Neubau_Gilching1.webp\",\"width\":1600,\"height\":900},{\"@type\":\"BreadcrumbList\",\"@id\":\"https:\/\/www.messring.cn\/de\/impressum\/#breadcrumb\",\"itemListElement\":[{\"@type\":\"ListItem\",\"position\":1,\"name\":\"Startseite\",\"item\":\"https:\/\/www.messring.cn\/de\/\"},{\"@type\":\"ListItem\",\"position\":2,\"name\":\"Impressum\"}]},{\"@type\":\"WebSite\",\"@id\":\"https:\/\/www.messring.cn\/de\/#website\",\"url\":\"https:\/\/www.messring.cn\/de\/\",\"name\":\"Messring\",\"description\":\"\",\"publisher\":{\"@id\":\"https:\/\/www.messring.cn\/de\/#organization\"},\"potentialAction\":[{\"@type\":\"SearchAction\",\"target\":{\"@type\":\"EntryPoint\",\"urlTemplate\":\"https:\/\/www.messring.cn\/de\/?s={search_term_string}\"},\"query-input\":{\"@type\":\"PropertyValueSpecification\",\"valueRequired\":true,\"valueName\":\"search_term_string\"}}],\"inLanguage\":\"de\"},{\"@type\":\"Organization\",\"@id\":\"https:\/\/www.messring.cn\/de\/#organization\",\"name\":\"Messring\",\"url\":\"https:\/\/www.messring.cn\/de\/\",\"logo\":{\"@type\":\"ImageObject\",\"inLanguage\":\"de\",\"@id\":\"https:\/\/www.messring.cn\/de\/#\/schema\/logo\/image\/\",\"url\":\"https:\/\/www.messring.cn\/wp-content\/uploads\/2025\/07\/logo-messring.svg\",\"contentUrl\":\"https:\/\/www.messring.cn\/wp-content\/uploads\/2025\/07\/logo-messring.svg\",\"width\":\"1024\",\"height\":\"1024\",\"caption\":\"Messring\"},\"image\":{\"@id\":\"https:\/\/www.messring.cn\/de\/#\/schema\/logo\/image\/\"},\"sameAs\":[\"https:\/\/www.facebook.com\/messring.de\",\"https:\/\/www.xing.com\/pages\/messringgmbh\",\"https:\/\/de.linkedin.com\/company\/messring-gmbh\",\"https:\/\/www.youtube.com\/channel\/UCz4jFFJ7vL3szxE7EK3sFjQ\",\"https:\/\/www.instagram.com\/messring_gmbh\"]}]}<\/script>\n<!-- \/ Yoast SEO plugin. -->","yoast_head_json":{"title":"Impressum - Messring","description":"Impressum der MESSRING GmbH: Alle gesetzlichen Angaben, Kontaktdaten und rechtlichen Hinweise finden Sie hier auf einen Blick.","robots":{"index":"index","follow":"follow","max-snippet":"max-snippet:-1","max-image-preview":"max-image-preview:large","max-video-preview":"max-video-preview:-1"},"canonical":"https:\/\/www.messring.cn\/de\/impressum\/","og_locale":"de_DE","og_type":"article","og_title":"Impressum - Messring","og_description":"Impressum der MESSRING GmbH: Alle gesetzlichen Angaben, Kontaktdaten und rechtlichen Hinweise finden Sie hier auf einen Blick.","og_url":"https:\/\/www.messring.cn\/de\/impressum\/","og_site_name":"Messring","article_publisher":"https:\/\/www.facebook.com\/messring.de","article_modified_time":"2026-03-13T09:24:03+00:00","og_image":[{"width":1600,"height":900,"url":"https:\/\/www.messring.cn\/wp-content\/uploads\/2025\/09\/Neubau_Gilching1.webp","type":"image\/webp"}],"twitter_card":"summary_large_image","twitter_misc":{"Gesch\u00e4tzte Lesezeit":"3\u00a0Minuten"},"schema":{"@context":"https:\/\/schema.org","@graph":[{"@type":"WebPage","@id":"https:\/\/www.messring.cn\/de\/impressum\/","url":"https:\/\/www.messring.cn\/de\/impressum\/","name":"Impressum - Messring","isPartOf":{"@id":"https:\/\/www.messring.cn\/de\/#website"},"primaryImageOfPage":{"@id":"https:\/\/www.messring.cn\/de\/impressum\/#primaryimage"},"image":{"@id":"https:\/\/www.messring.cn\/de\/impressum\/#primaryimage"},"thumbnailUrl":"https:\/\/www.messring.cn\/wp-content\/uploads\/2025\/09\/Neubau_Gilching1.webp","datePublished":"2025-09-30T12:18:00+00:00","dateModified":"2026-03-13T09:24:03+00:00","description":"Impressum der MESSRING GmbH: Alle gesetzlichen Angaben, Kontaktdaten und rechtlichen Hinweise finden Sie hier auf einen Blick.","breadcrumb":{"@id":"https:\/\/www.messring.cn\/de\/impressum\/#breadcrumb"},"inLanguage":"de","potentialAction":[{"@type":"ReadAction","target":["https:\/\/www.messring.cn\/de\/impressum\/"]}]},{"@type":"ImageObject","inLanguage":"de","@id":"https:\/\/www.messring.cn\/de\/impressum\/#primaryimage","url":"https:\/\/www.messring.cn\/wp-content\/uploads\/2025\/09\/Neubau_Gilching1.webp","contentUrl":"https:\/\/www.messring.cn\/wp-content\/uploads\/2025\/09\/Neubau_Gilching1.webp","width":1600,"height":900},{"@type":"BreadcrumbList","@id":"https:\/\/www.messring.cn\/de\/impressum\/#breadcrumb","itemListElement":[{"@type":"ListItem","position":1,"name":"Startseite","item":"https:\/\/www.messring.cn\/de\/"},{"@type":"ListItem","position":2,"name":"Impressum"}]},{"@type":"WebSite","@id":"https:\/\/www.messring.cn\/de\/#website","url":"https:\/\/www.messring.cn\/de\/","name":"Messring","description":"","publisher":{"@id":"https:\/\/www.messring.cn\/de\/#organization"},"potentialAction":[{"@type":"SearchAction","target":{"@type":"EntryPoint","urlTemplate":"https:\/\/www.messring.cn\/de\/?s={search_term_string}"},"query-input":{"@type":"PropertyValueSpecification","valueRequired":true,"valueName":"search_term_string"}}],"inLanguage":"de"},{"@type":"Organization","@id":"https:\/\/www.messring.cn\/de\/#organization","name":"Messring","url":"https:\/\/www.messring.cn\/de\/","logo":{"@type":"ImageObject","inLanguage":"de","@id":"https:\/\/www.messring.cn\/de\/#\/schema\/logo\/image\/","url":"https:\/\/www.messring.cn\/wp-content\/uploads\/2025\/07\/logo-messring.svg","contentUrl":"https:\/\/www.messring.cn\/wp-content\/uploads\/2025\/07\/logo-messring.svg","width":"1024","height":"1024","caption":"Messring"},"image":{"@id":"https:\/\/www.messring.cn\/de\/#\/schema\/logo\/image\/"},"sameAs":["https:\/\/www.facebook.com\/messring.de","https:\/\/www.xing.com\/pages\/messringgmbh","https:\/\/de.linkedin.com\/company\/messring-gmbh","https:\/\/www.youtube.com\/channel\/UCz4jFFJ7vL3szxE7EK3sFjQ","https:\/\/www.instagram.com\/messring_gmbh"]}]}},"_links":{"self":[{"href":"https:\/\/www.messring.cn\/de\/wp-json\/wp\/v2\/pages\/426","targetHints":{"allow":["GET"]}}],"collection":[{"href":"https:\/\/www.messring.cn\/de\/wp-json\/wp\/v2\/pages"}],"about":[{"href":"https:\/\/www.messring.cn\/de\/wp-json\/wp\/v2\/types\/page"}],"author":[{"embeddable":true,"href":"https:\/\/www.messring.cn\/de\/wp-json\/wp\/v2\/users\/2"}],"replies":[{"embeddable":true,"href":"https:\/\/www.messring.cn\/de\/wp-json\/wp\/v2\/comments?post=426"}],"version-history":[{"count":0,"href":"https:\/\/www.messring.cn\/de\/wp-json\/wp\/v2\/pages\/426\/revisions"}],"wp:featuredmedia":[{"embeddable":true,"href":"https:\/\/www.messring.cn\/de\/wp-json\/wp\/v2\/media\/429"}],"wp:attachment":[{"href":"https:\/\/www.messring.cn\/de\/wp-json\/wp\/v2\/media?parent=426"}],"curies":[{"name":"wp","href":"https:\/\/api.w.org\/{rel}","templated":true}]}}